{"id":733,"date":"2022-05-09T11:44:29","date_gmt":"2022-05-09T08:44:29","guid":{"rendered":"http:\/\/lainisalo.test\/contact-information\/"},"modified":"2022-05-24T12:24:31","modified_gmt":"2022-05-24T09:24:31","slug":"contact-information","status":"publish","type":"page","link":"https:\/\/www.lainisalo.fi\/en\/contact-information\/","title":{"rendered":"Contact information"},"content":{"rendered":"\n\n\t<h1>Get in touch <strong>Professionals at your service &#8211; best service without exceptions<br \/>\n<\/strong><\/h1>\n\t<p>Lainisalo develops and introduces new methods for the surface treatment industry. We want to offer premium-grade industrial surface treatment services for businesses of all sizes. Our customer pledge is based on supply security, quality, cost-effectiveness, and partnership.<\/p>\n\t<h2 style=\"text-align:center\" id=\"myynti\">Myynti<\/h2><div class=\"hk-rivi pt-30\"><div class=\"hk-tiedot\">\r\n        <p><strong>Tino Lainisalo<\/strong> New Business Manager<\/p><div class=\"lippurivi\"><img decoding=\"async\" class=\"lippu\" src=\"https:\/\/www.lainisalo.fi\/content\/themes\/lainisalo\/svg\/flag_fi.svg\" alt=\"\"><img decoding=\"async\" class=\"lippu\" src=\"https:\/\/www.lainisalo.fi\/content\/themes\/lainisalo\/svg\/flag_gb.svg\" alt=\"\"><\/div><a href=\"mailto:&#116;ino&#046;&#108;&#097;&#105;&#110;&#105;&#115;alo&#064;&#108;a&#105;n&#105;salo.&#102;i\">&#116;ino&#046;&#108;&#097;&#105;&#110;&#105;&#115;alo&#064;&#108;a&#105;n&#105;salo.&#102;i<\/a><a href=\"tel:+358405487887\">+358 40 548 7887<\/a><\/div><div class=\"hk-tiedot\">\r\n        <p><strong>Tepa Lehtinen<\/strong> R&amp;D Manager<\/p><div class=\"lippurivi\"><img decoding=\"async\" class=\"lippu\" src=\"https:\/\/www.lainisalo.fi\/content\/themes\/lainisalo\/svg\/flag_fi.svg\" alt=\"\"><img decoding=\"async\" class=\"lippu\" src=\"https:\/\/www.lainisalo.fi\/content\/themes\/lainisalo\/svg\/flag_gb.svg\" alt=\"\"><\/div><a href=\"mailto:tep&#097;&#046;l&#101;&#104;&#116;&#105;nen&#064;lai&#110;&#105;&#115;&#097;lo.&#102;i\">tep&#097;&#046;l&#101;&#104;&#116;&#105;nen&#064;lai&#110;&#105;&#115;&#097;lo.&#102;i<\/a><a href=\"tel:+358403562064\">+358 40 356 2064<\/a><\/div><\/div>\n<h2 style=\"text-align:center\" id=\"tuotekehitys\">Tuotekehitys<\/h2><p class=\"mw-840\">Tuotekehitysyksikk\u00f6mme toimii itsen\u00e4isen\u00e4 yksikk\u00f6n\u00e4\u00e4n Helsingiss\u00e4. Teemme testit ja kokeet tutkimusyksikk\u00f6mme laboratoriossa. Testaamme, laadimme ja jalostamme pintak\u00e4sittelyprosesseja ja menetelmi\u00e4 asiakkaidemme tarpeisiin. Meill\u00e4 on ter\u00e4srakenteiden pintak\u00e4sittelyntarkastajan p\u00e4tevyys.<\/p><div class=\"hk-rivi pt-30\"><div class=\"hk-tiedot\">\r\n        <p><strong>Pertti Lainisalo<\/strong> CEO<\/p><a href=\"mailto:pe&#114;&#116;&#116;i&#046;&#108;aini&#115;&#097;lo&#064;&#108;ai&#110;&#105;&#115;al&#111;&#046;&#102;&#105;\">pe&#114;&#116;&#116;i&#046;&#108;aini&#115;&#097;lo&#064;&#108;ai&#110;&#105;&#115;al&#111;&#046;&#102;&#105;<\/a><a href=\"tel:+358400701080\">+358 400 701 080<\/a><a href=\"tel:+37253030880\">+372 5303 0880<\/a><\/div><div class=\"hk-tiedot\">\r\n        <p><strong>Tepa Lehtinen<\/strong> R&amp;D Manager<\/p><div class=\"lippurivi\"><img decoding=\"async\" class=\"lippu\" src=\"https:\/\/www.lainisalo.fi\/content\/themes\/lainisalo\/svg\/flag_fi.svg\" alt=\"\"><img decoding=\"async\" class=\"lippu\" src=\"https:\/\/www.lainisalo.fi\/content\/themes\/lainisalo\/svg\/flag_gb.svg\" alt=\"\"><\/div><a href=\"mailto:&#116;&#101;p&#097;.le&#104;&#116;i&#110;en&#064;&#108;&#097;&#105;&#110;&#105;s&#097;l&#111;&#046;f&#105;\">&#116;&#101;p&#097;.le&#104;&#116;i&#110;en&#064;&#108;&#097;&#105;&#110;&#105;s&#097;l&#111;&#046;f&#105;<\/a><a href=\"tel:+358403562064\">+358 40 356 2064<\/a><\/div><div class=\"hk-tiedot\">\r\n        <p><strong>Miika Pienim\u00e4ki<\/strong> Production manager<\/p><a href=\"mailto:m&#105;&#105;&#107;a&#046;p&#105;&#101;ni&#109;&#097;ki&#064;l&#097;i&#110;&#105;&#115;a&#108;&#111;&#046;&#102;&#105;\">m&#105;&#105;&#107;a&#046;p&#105;&#101;ni&#109;&#097;ki&#064;l&#097;i&#110;&#105;&#115;a&#108;&#111;&#046;&#102;&#105;<\/a><a href=\"tel:+358407679371\">+358 40 767 9371<\/a><\/div><div class=\"hk-tiedot\">\r\n        <p><strong>Tepa Lehtinen<\/strong> Product Development Manager<\/p><a href=\"mailto:&#116;&#101;&#112;a.&#108;&#101;&#104;&#116;inen&#064;l&#097;&#105;nis&#097;&#108;&#111;.&#102;&#105;\">&#116;&#101;&#112;a.&#108;&#101;&#104;&#116;inen&#064;l&#097;&#105;nis&#097;&#108;&#111;.&#102;&#105;<\/a><a href=\"tel:+358403562064\">+358 40 356 2064<\/a><\/div><\/div>\n<h2 style=\"text-align:center\" id=\"hallinto\">Hallinto<\/h2><div class=\"hk-rivi pt-30\"><div class=\"hk-tiedot\">\r\n        <p><strong>Pertti Lainisalo<\/strong> CEO<\/p><a href=\"mailto:&#112;er&#116;&#116;&#105;.&#108;&#097;&#105;ni&#115;&#097;&#108;&#111;&#064;la&#105;&#110;isal&#111;.&#102;i\">&#112;er&#116;&#116;&#105;.&#108;&#097;&#105;ni&#115;&#097;&#108;&#111;&#064;la&#105;&#110;isal&#111;.&#102;i<\/a><a href=\"tel:+358400701080\">+358 400 701 080<\/a><a href=\"tel:+37253030880\">+372 5303 0880<\/a><\/div><div class=\"hk-tiedot\">\r\n        <p><strong>Kea Lainisalo<\/strong> Purchasing Manager<\/p><a href=\"mailto:k&#101;a&#064;la&#105;&#110;isal&#111;&#046;f&#105;\">k&#101;a&#064;la&#105;&#110;isal&#111;&#046;f&#105;<\/a><a href=\"tel:+358405018373\">+358 40 501 8373<\/a><\/div><div class=\"hk-tiedot\">\r\n        <p><strong>Martin Finell<\/strong> Financial management and Director for the Helsinki unit<\/p><a href=\"mailto:m&#097;&#114;tin&#046;&#102;i&#110;&#101;&#108;&#108;&#064;la&#105;n&#105;sa&#108;&#111;&#046;f&#105;\">m&#097;&#114;tin&#046;&#102;i&#110;&#101;&#108;&#108;&#064;la&#105;n&#105;sa&#108;&#111;&#046;f&#105;<\/a><a href=\"tel:+358504204364\">+358 50 420 4364<\/a><\/div><\/div>\n\t<h2>Get in touch<strong>Professionals at your service-best service without exceptions<\/strong><\/h2>\n<p>Lainisalo develops and introduces new methods for the surface treatment industry. We want to offer premium-grade industrial surface treatment services for businesses of all sizes. Our customer pledge is based on supply security, quality, cost-effectiveness, and partnership.<\/p>\n\t\t\t<a href=\"\/en\/contact-information\/\" target=\"_self\" role=\"button\" rel=\"noopener\">\n\t\t\t\t\t\t\tGet in touch\n\t\t\t\t\t<\/a>\n\t<div class=\"toimitilalista\"><div class=\"__toimitila\">\r\n          <a href=\"https:\/\/www.lainisalo.fi\/en\/toimipaikka\/rauma\/\"><h2>Rauma<\/h2><\/a><h3>Lainisalo Oy<\/h3><p>Isomets\u00e4ntie 2\r\n26100 Rauma<\/p><p class=\"__avoinna\">7.00 - 15.30<\/p><\/div><div class=\"__toimitila\">\r\n          <a href=\"https:\/\/www.lainisalo.fi\/en\/toimipaikka\/perho\/\"><h2>Perho<\/h2><\/a><h3>Lainisalo Oy<\/h3><p>Teollisuustie 3\r\n69950 Perho<\/p><a class=\"__rahtinumero\" href=\"tel:+358405919406\">+358 40 591 9406<\/a><p class=\"__avoinna\">7:00 \u2013 15:30<\/p><\/div><div class=\"__toimitila\">\r\n          <a href=\"https:\/\/www.lainisalo.fi\/en\/toimipaikka\/ahtari\/\"><h2>\u00c4ht\u00e4ri<\/h2><\/a><h3>Lainisalo Oy<\/h3><p>Saarikyl\u00e4ntie 21\r\n63700 \u00c4HT\u00c4RI<\/p><a class=\"__rahtinumero\" href=\"tel:+358405504863\">+358 40 550 4863<\/a><p class=\"__avoinna\">7:00 \u2013 15:30<\/p><\/div><div class=\"__toimitila\">\r\n          <a href=\"https:\/\/www.lainisalo.fi\/en\/toimipaikka\/tallinn\/#industrial-painting\"><h2>Tallinn<\/h2><\/a><h3>Lainisalo Industrial Painting O\u00dc<\/h3><p>Peterburi tee 66\/68\/70, \r\n11415 Tallinn, \r\nEstonia<\/p><a class=\"__rahtinumero\" href=\"tel:+3725257809\">+372 525 7809<\/a><p class=\"__avoinna\">7:30 \u2013 15:30<\/p><\/div><div class=\"__toimitila\">\r\n          <a href=\"https:\/\/www.lainisalo.fi\/en\/toimipaikka\/tallinn\/#powder-painting\"><h2>Tallinn<\/h2><\/a><h3>Powder painting O\u00fc<\/h3><p>\u00c4mma tee 78 B Iru k\u00fcla\r\nHarju maakond 74206\r\nEstonia<\/p><a class=\"__rahtinumero\" href=\"tel:+37258849916\">+372 5884 9916<\/a><p class=\"__avoinna\">7:30 \u2013 15:30<\/p><\/div><div class=\"__toimitila\">\r\n          <a href=\"https:\/\/www.lainisalo.fi\/en\/toimipaikka\/helsinki\/\"><h2>Helsinki<\/h2><\/a><h3>Lainisalo Oy<\/h3><p>Valuraudantie 5-7\r\n00700 HELSINKI<\/p><a class=\"__rahtinumero\" href=\"tel:+358405293168\">+358 40 529 3168<\/a><p class=\"__avoinna\">7:00 \u2013 15:30<\/p><\/div><\/div>\n\n","protected":false},"excerpt":{"rendered":"","protected":false},"author":1,"featured_media":0,"parent":0,"menu_order":29,"comment_status":"closed","ping_status":"closed","template":"","meta":{"_acf_changed":false,"footnotes":""},"class_list":["post-733","page","type-page","status-publish","hentry"],"acf":[],"_links":{"self":[{"href":"https:\/\/www.lainisalo.fi\/en\/wp-json\/wp\/v2\/pages\/733","targetHints":{"allow":["GET"]}}],"collection":[{"href":"https:\/\/www.lainisalo.fi\/en\/wp-json\/wp\/v2\/pages"}],"about":[{"href":"https:\/\/www.lainisalo.fi\/en\/wp-json\/wp\/v2\/types\/page"}],"author":[{"embeddable":true,"href":"https:\/\/www.lainisalo.fi\/en\/wp-json\/wp\/v2\/users\/1"}],"replies":[{"embeddable":true,"href":"https:\/\/www.lainisalo.fi\/en\/wp-json\/wp\/v2\/comments?post=733"}],"version-history":[{"count":0,"href":"https:\/\/www.lainisalo.fi\/en\/wp-json\/wp\/v2\/pages\/733\/revisions"}],"wp:attachment":[{"href":"https:\/\/www.lainisalo.fi\/en\/wp-json\/wp\/v2\/media?parent=733"}],"curies":[{"name":"wp","href":"https:\/\/api.w.org\/{rel}","templated":true}]}}